{"id":158,"date":"2023-01-12T21:17:19","date_gmt":"2023-01-12T21:17:19","guid":{"rendered":"https:\/\/easycomphost.nl\/?page_id=158"},"modified":"2023-11-20T22:38:27","modified_gmt":"2023-11-20T22:38:27","slug":"contact","status":"publish","type":"page","link":"https:\/\/easycomphost.nl\/fr\/contact\/","title":{"rendered":"Contact"},"content":{"rendered":"<div data-elementor-type=\"wp-page\" data-elementor-id=\"158\" class=\"elementor elementor-158\" data-elementor-post-type=\"page\">\n\t\t\t\t\t\t<section class=\"elementor-section elementor-top-section elementor-element elementor-element-c3977ac elementor-section-boxed elementor-section-height-default elementor-section-height-default\" data-id=\"c3977ac\" data-element_type=\"section\" data-settings=\"{&quot;background_background&quot;:&quot;classic&quot;,&quot;shape_divider_bottom&quot;:&quot;curve&quot;,&quot;shape_divider_bottom_negative&quot;:&quot;yes&quot;}\">\n\t\t\t\t\t<div class=\"elementor-shape elementor-shape-bottom\" data-negative=\"true\">\n\t\t\t<svg xmlns=\"http:\/\/www.w3.org\/2000\/svg\" viewbox=\"0 0 1000 100\" preserveaspectratio=\"none\">\n\t<path class=\"elementor-shape-fill\" d=\"M500,97C126.7,96.3,0.8,19.8,0,0v100l1000,0V1C1000,19.4,873.3,97.8,500,97z\"\/>\n<\/svg>\t\t<\/div>\n\t\t\t\t\t<div class=\"elementor-container elementor-column-gap-default\">\n\t\t\t\t\t<div class=\"elementor-column elementor-col-100 elementor-top-column elementor-element elementor-element-2c26aa9\" data-id=\"2c26aa9\" data-element_type=\"column\">\n\t\t\t<div class=\"elementor-widget-wrap elementor-element-populated\">\n\t\t\t\t\t\t<div class=\"elementor-element elementor-element-064460f elementor-widget elementor-widget-heading\" data-id=\"064460f\" data-element_type=\"widget\" data-widget_type=\"heading.default\">\n\t\t\t\t<div class=\"elementor-widget-container\">\n\t\t\t\t\t<h1 class=\"elementor-heading-title elementor-size-default\">Contact<\/h1>\t\t\t\t<\/div>\n\t\t\t\t<\/div>\n\t\t\t\t<div class=\"elementor-element elementor-element-2ddef23 elementor-widget elementor-widget-text-editor\" data-id=\"2ddef23\" data-element_type=\"widget\" data-widget_type=\"text-editor.default\">\n\t\t\t\t<div class=\"elementor-widget-container\">\n\t\t\t\t\t\t\t\t\t<p>Ici, nous vous offrons l\u2019aide dont vous avez besoin pour toutes vos questions sur nos produits et services. Qu\u2019il s\u2019agisse d\u2019un support technique ou de questions g\u00e9n\u00e9rales, notre \u00e9quipe est pr\u00eate \u00e0 vous aider.<\/p>\t\t\t\t\t\t\t\t<\/div>\n\t\t\t\t<\/div>\n\t\t\t\t<div class=\"elementor-element elementor-element-71350ee elementor-align-center elementor-tablet-align-center elementor-widget elementor-widget-button\" data-id=\"71350ee\" data-element_type=\"widget\" data-widget_type=\"button.default\">\n\t\t\t\t<div class=\"elementor-widget-container\">\n\t\t\t\t\t\t\t\t\t<div class=\"elementor-button-wrapper\">\n\t\t\t\t\t<a class=\"elementor-button elementor-button-link elementor-size-sm\" href=\"https:\/\/easycomphost.nlondersteuning\/#faq\">\n\t\t\t\t\t\t<span class=\"elementor-button-content-wrapper\">\n\t\t\t\t\t\t\t\t\t<span class=\"elementor-button-text\">Questions fr\u00e9quentes<\/span>\n\t\t\t\t\t<\/span>\n\t\t\t\t\t<\/a>\n\t\t\t\t<\/div>\n\t\t\t\t\t\t\t\t<\/div>\n\t\t\t\t<\/div>\n\t\t\t\t\t<\/div>\n\t\t<\/div>\n\t\t\t\t\t<\/div>\n\t\t<\/section>\n\t\t\t\t<section class=\"elementor-section elementor-top-section elementor-element elementor-element-53798642 elementor-section-full_width elementor-section-height-default elementor-section-height-default\" data-id=\"53798642\" data-element_type=\"section\">\n\t\t\t\t\t\t<div class=\"elementor-container elementor-column-gap-default\">\n\t\t\t\t\t<div class=\"elementor-column elementor-col-100 elementor-top-column elementor-element elementor-element-73c811c8\" data-id=\"73c811c8\" data-element_type=\"column\">\n\t\t\t<div class=\"elementor-widget-wrap elementor-element-populated\">\n\t\t\t\t\t\t<section class=\"elementor-section elementor-inner-section elementor-element elementor-element-5ab61450 elementor-section-boxed elementor-section-height-default elementor-section-height-default\" data-id=\"5ab61450\" data-element_type=\"section\">\n\t\t\t\t\t\t<div class=\"elementor-container elementor-column-gap-default\">\n\t\t\t\t\t<div class=\"elementor-column elementor-col-50 elementor-inner-column elementor-element elementor-element-169e0da5\" data-id=\"169e0da5\" data-element_type=\"column\">\n\t\t\t<div class=\"elementor-widget-wrap elementor-element-populated\">\n\t\t\t\t\t\t<div class=\"elementor-element elementor-element-78be64be elementor-widget elementor-widget-heading\" data-id=\"78be64be\" data-element_type=\"widget\" data-widget_type=\"heading.default\">\n\t\t\t\t<div class=\"elementor-widget-container\">\n\t\t\t\t\t<h4 class=\"elementor-heading-title elementor-size-default\">Contactez-nous via nos canaux sociaux, appelez-nous, envoyez un message WhatsApp ou envoyez-nous un message via le formulaire de contact pour plus d\u2019informations.<\/h4>\t\t\t\t<\/div>\n\t\t\t\t<\/div>\n\t\t\t\t<div class=\"elementor-element elementor-element-1e32ebed elementor-widget elementor-widget-text-editor\" data-id=\"1e32ebed\" data-element_type=\"widget\" data-widget_type=\"text-editor.default\">\n\t\t\t\t<div class=\"elementor-widget-container\">\n\t\t\t\t\t\t\t\t\t<div class=\"w-full border-b border-black\/10 dark:border-gray-900\/50 text-gray-800 dark:text-gray-100 group bg-gray-50 dark:bg-[#444654]\"><div class=\"text-base gap-4 md:gap-6 m-auto md:max-w-2xl lg:max-w-2xl xl:max-w-3xl p-4 md:py-6 flex lg:px-0\"><div class=\"relative flex w-[calc(100%-50px)] md:flex-col lg:w-[calc(100%-115px)]\"><div class=\"flex flex-grow flex-col gap-3\"><div class=\"min-h-[20px] flex flex-col items-start gap-4 whitespace-pre-wrap\"><div class=\"markdown prose w-full break-words dark:prose-invert light\"><p>Vous pouvez nous joindre tous les jours de 9h00 \u00e0 21h00 via\u00a0<span style=\"color: var( --e-global-color-text ); font-family: var( --e-global-typography-text-font-family ), Sans-serif;\">+31 (0)85 \u2013 785 10 11, appelez-nous ou envoyez un message via WhatsApp.\u00a0<\/span><span style=\"color: var( --e-global-color-text ); font-family: var( --e-global-typography-text-font-family ), Sans-serif;\">Nous n\u2019avons besoin que de quelques heures! Pas plus de 2 heures apr\u00e8s que nous ayons re\u00e7u votre ticket d\u2019\u00e9mission.<\/span><\/p><\/div><\/div><\/div><div class=\"text-gray-400 flex self-end lg:self-center justify-center mt-2 gap-4 lg:gap-1 lg:absolute lg:top-0 lg:translate-x-full lg:right-0 lg:mt-0 lg:pl-2 visible\">\u00a0<\/div><\/div><\/div><\/div>\t\t\t\t\t\t\t\t<\/div>\n\t\t\t\t<\/div>\n\t\t\t\t\t<\/div>\n\t\t<\/div>\n\t\t\t\t<div class=\"elementor-column elementor-col-50 elementor-inner-column elementor-element elementor-element-563dd565\" data-id=\"563dd565\" data-element_type=\"column\">\n\t\t\t<div class=\"elementor-widget-wrap elementor-element-populated\">\n\t\t\t\t\t\t<div class=\"elementor-element elementor-element-2b094411 elementor-button-align-stretch elementor-widget elementor-widget-form\" data-id=\"2b094411\" data-element_type=\"widget\" data-settings=\"{&quot;step_next_label&quot;:&quot;Next&quot;,&quot;step_previous_label&quot;:&quot;Previous&quot;,&quot;button_width&quot;:&quot;100&quot;,&quot;step_type&quot;:&quot;number_text&quot;,&quot;step_icon_shape&quot;:&quot;circle&quot;}\" data-widget_type=\"form.default\">\n\t\t\t\t<div class=\"elementor-widget-container\">\n\t\t\t\t\t\t\t<form class=\"elementor-form\" method=\"post\" id=\"contact\" name=\"EasyComp Host\" action=\"\">\n\t\t\t<input type=\"hidden\" name=\"post_id\" value=\"158\"\/>\n\t\t\t<input type=\"hidden\" name=\"form_id\" value=\"2b094411\"\/>\n\t\t\t<input type=\"hidden\" name=\"referer_title\" value=\"EasyComp Host\" \/>\n\n\t\t\t\n\t\t\t<div class=\"elementor-form-fields-wrapper elementor-labels-\">\n\t\t\t\t\t\t\t\t<div class=\"elementor-field-type-text elementor-field-group elementor-column elementor-field-group-name elementor-col-50 elementor-field-required\">\n\t\t\t\t\t\t\t\t\t\t\t\t<label for=\"form-field-name\" class=\"elementor-field-label elementor-screen-only\">\n\t\t\t\t\t\t\t\tNom complet\t\t\t\t\t\t\t<\/label>\n\t\t\t\t\t\t\t\t\t\t\t\t\t\t<input size=\"1\" type=\"text\" name=\"form_fields[name]\" id=\"form-field-name\" class=\"elementor-field elementor-size-sm  elementor-field-textual\" placeholder=\"Nom complet*\" required=\"required\">\n\t\t\t\t\t\t\t\t\t\t\t<\/div>\n\t\t\t\t\t\t\t\t<div class=\"elementor-field-type-email elementor-field-group elementor-column elementor-field-group-email elementor-col-50 elementor-field-required\">\n\t\t\t\t\t\t\t\t\t\t\t\t<label for=\"form-field-email\" class=\"elementor-field-label elementor-screen-only\">\n\t\t\t\t\t\t\t\tEmail\t\t\t\t\t\t\t<\/label>\n\t\t\t\t\t\t\t\t\t\t\t\t\t\t<input size=\"1\" type=\"email\" name=\"form_fields[email]\" id=\"form-field-email\" class=\"elementor-field elementor-size-sm  elementor-field-textual\" placeholder=\"Adresse e-mail*\" required=\"required\">\n\t\t\t\t\t\t\t\t\t\t\t<\/div>\n\t\t\t\t\t\t\t\t<div class=\"elementor-field-type-text elementor-field-group elementor-column elementor-field-group-field_6fc2af8 elementor-col-50\">\n\t\t\t\t\t\t\t\t\t\t\t\t<label for=\"form-field-field_6fc2af8\" class=\"elementor-field-label elementor-screen-only\">\n\t\t\t\t\t\t\t\tCompagnie\t\t\t\t\t\t\t<\/label>\n\t\t\t\t\t\t\t\t\t\t\t\t\t\t<input size=\"1\" type=\"text\" name=\"form_fields[field_6fc2af8]\" id=\"form-field-field_6fc2af8\" class=\"elementor-field elementor-size-sm  elementor-field-textual\" placeholder=\"Compagnie\">\n\t\t\t\t\t\t\t\t\t\t\t<\/div>\n\t\t\t\t\t\t\t\t<div class=\"elementor-field-type-tel elementor-field-group elementor-column elementor-field-group-field_90ea268 elementor-col-50 elementor-field-required\">\n\t\t\t\t\t\t\t\t\t\t\t\t<label for=\"form-field-field_90ea268\" class=\"elementor-field-label elementor-screen-only\">\n\t\t\t\t\t\t\t\tTelefoonnummer\t\t\t\t\t\t\t<\/label>\n\t\t\t\t\t\t\t\t<input size=\"1\" type=\"tel\" name=\"form_fields[field_90ea268]\" id=\"form-field-field_90ea268\" class=\"elementor-field elementor-size-sm  elementor-field-textual\" placeholder=\"Num\u00e9ro de t\u00e9l\u00e9phone*\" required=\"required\" pattern=\"[0-9()#&amp;+*-=.]+\" title=\"Only numbers and phone characters (#, -, *, etc) are accepted.\">\n\n\t\t\t\t\t\t<\/div>\n\t\t\t\t\t\t\t\t<div class=\"elementor-field-type-select elementor-field-group elementor-column elementor-field-group-field_1 elementor-col-100 elementor-field-required\">\n\t\t\t\t\t\t\t\t\t\t\t\t<label for=\"form-field-field_1\" class=\"elementor-field-label elementor-screen-only\">\n\t\t\t\t\t\t\t\tObjet\t\t\t\t\t\t\t<\/label>\n\t\t\t\t\t\t\t\t<div class=\"elementor-field elementor-select-wrapper remove-before\">\n\t\t\t<div class=\"select-caret-down-wrapper\">\n\t\t\t\t<i aria-hidden=\"true\" class=\"eicon-caret-down\"><\/i>\t\t\t<\/div>\n\t\t\t<select name=\"form_fields[field_1]\" id=\"form-field-field_1\" class=\"elementor-field-textual elementor-size-sm\" required=\"required\">\n\t\t\t\t\t\t\t\t\t<option value=\"\"><\/option>\n\t\t\t\t\t\t\t\t\t<option value=\"Algemene vraag\">Question g\u00e9n\u00e9rale<\/option>\n\t\t\t\t\t\t\t\t\t<option value=\"Bug report\">Rapport de bogue<\/option>\n\t\t\t\t\t\t\t\t\t<option value=\"Storingsmelding\">Notification d\u2019erreur<\/option>\n\t\t\t\t\t\t\t\t\t<option value=\"Shared hosting\">H\u00e9bergement mutualis\u00e9<\/option>\n\t\t\t\t\t\t\t\t\t<option value=\"Private hosting\">H\u00e9bergement priv\u00e9<\/option>\n\t\t\t\t\t\t\t\t\t<option value=\"Reseller hosting\">H\u00e9bergement revendeur<\/option>\n\t\t\t\t\t\t\t\t\t<option value=\"EasyComp Cloud\">EasyComp Cloud<\/option>\n\t\t\t\t\t\t\t\t\t<option value=\"VPS-Hosting\">VPS hostings<\/option>\n\t\t\t\t\t\t\t<\/select>\n\t\t<\/div>\n\t\t\t\t\t\t<\/div>\n\t\t\t\t\t\t\t\t<div class=\"elementor-field-type-textarea elementor-field-group elementor-column elementor-field-group-message elementor-col-100 elementor-field-required\">\n\t\t\t\t\t\t\t\t\t\t\t\t<label for=\"form-field-message\" class=\"elementor-field-label elementor-screen-only\">\n\t\t\t\t\t\t\t\tMessage\t\t\t\t\t\t\t<\/label>\n\t\t\t\t\t\t<textarea class=\"elementor-field-textual elementor-field  elementor-size-sm\" name=\"form_fields[message]\" id=\"form-field-message\" rows=\"4\" placeholder=\"Message\" required=\"required\"><\/textarea>\t\t\t\t<\/div>\n\t\t\t\t\t\t\t\t<div class=\"elementor-field-type-recaptcha elementor-field-group elementor-column elementor-field-group-field_d577d7d elementor-col-100\">\n\t\t\t\t\t<div class=\"elementor-field\" id=\"form-field-field_d577d7d\"><div class=\"elementor-g-recaptcha\" data-sitekey=\"6Lf2Wk0eAAAAALlhwllEzR09ODExUki73CeHUUr4\" data-type=\"v2_checkbox\" data-theme=\"light\" data-size=\"normal\"><\/div><\/div>\t\t\t\t<\/div>\n\t\t\t\t\t\t\t\t<div class=\"elementor-field-type-text\">\n\t\t\t\t\t<input size=\"1\" type=\"text\" name=\"form_fields[field_0385773]\" id=\"form-field-field_0385773\" class=\"elementor-field elementor-size-sm\" style=\"display:none !important;\">\t\t\t\t<\/div>\n\t\t\t\t\t\t\t\t<div class=\"elementor-field-group elementor-column elementor-field-type-submit elementor-col-100 e-form__buttons\">\n\t\t\t\t\t<button class=\"elementor-button elementor-size-sm\" type=\"submit\">\n\t\t\t\t\t\t<span class=\"elementor-button-content-wrapper\">\n\t\t\t\t\t\t\t\t\t\t\t\t\t\t\t\t\t\t\t\t\t\t<span class=\"elementor-button-text\">Envoyez votre message<\/span>\n\t\t\t\t\t\t\t\t\t\t\t\t\t<\/span>\n\t\t\t\t\t<\/button>\n\t\t\t\t<\/div>\n\t\t\t<\/div>\n\t\t<input type=\"hidden\" name=\"trp-form-language\" value=\"fr\"\/><\/form>\n\t\t\t\t\t\t<\/div>\n\t\t\t\t<\/div>\n\t\t\t\t\t<\/div>\n\t\t<\/div>\n\t\t\t\t\t<\/div>\n\t\t<\/section>\n\t\t\t\t\t<\/div>\n\t\t<\/div>\n\t\t\t\t\t<\/div>\n\t\t<\/section>\n\t\t\t\t<\/div>","protected":false},"excerpt":{"rendered":"<p>Hier bieden we u de hulp die u nodig heeft voor al uw vragen over onze producten en diensten. Of het nu gaat om technische ondersteuning of algemene vragen, ons team staat klaar om u te helpen. Veelgestelde vragen Neem contact met ons op via onze sociale kanalen, bel ons, stuur een WhatsApp bericht of [&hellip;]<\/p>","protected":false},"author":1,"featured_media":0,"parent":0,"menu_order":0,"comment_status":"closed","ping_status":"closed","template":"","meta":{"footnotes":""},"class_list":["post-158","page","type-page","status-publish","hentry"],"yoast_head":"<!-- This site is optimized with the Yoast SEO Premium plugin v19.2 (Yoast SEO v26.3) - https:\/\/yoast.com\/wordpress\/plugins\/seo\/ -->\n<title>Contact | EasyComp Host<\/title>\n<meta name=\"robots\" content=\"index, follow, max-snippet:-1, max-image-preview:large, max-video-preview:-1\" \/>\n<link rel=\"canonical\" href=\"https:\/\/easycomphost.nl\/fr\/contact\/\" \/>\n<meta property=\"og:locale\" content=\"fr_FR\" \/>\n<meta property=\"og:type\" content=\"article\" \/>\n<meta property=\"og:title\" content=\"Contact\" \/>\n<meta property=\"og:description\" content=\"Hier bieden we u de hulp die u nodig heeft voor al uw vragen over onze producten en diensten. Of het nu gaat om technische ondersteuning of algemene vragen, ons team staat klaar om u te helpen. Veelgestelde vragen Neem contact met ons op via onze sociale kanalen, bel ons, stuur een WhatsApp bericht of [&hellip;]\" \/>\n<meta property=\"og:url\" content=\"https:\/\/easycomphost.nl\/fr\/contact\/\" \/>\n<meta property=\"og:site_name\" content=\"EasyComp Host\" \/>\n<meta property=\"article:publisher\" content=\"https:\/\/www.facebook.com\/EasyCompHost\" \/>\n<meta property=\"article:modified_time\" content=\"2023-11-20T22:38:27+00:00\" \/>\n<meta property=\"og:image\" content=\"https:\/\/easycomphost.nl\/wp-content\/uploads\/2023\/01\/image.png\" \/>\n\t<meta property=\"og:image:width\" content=\"491\" \/>\n\t<meta property=\"og:image:height\" content=\"100\" \/>\n\t<meta property=\"og:image:type\" content=\"image\/png\" \/>\n<meta name=\"twitter:card\" content=\"summary_large_image\" \/>\n<meta name=\"twitter:site\" content=\"@EasyCompHostNL\" \/>\n<meta name=\"twitter:label1\" content=\"Dur\u00e9e de lecture est.\" \/>\n\t<meta name=\"twitter:data1\" content=\"1 minute\" \/>\n<script type=\"application\/ld+json\" class=\"yoast-schema-graph\">{\"@context\":\"https:\/\/schema.org\",\"@graph\":[{\"@type\":\"WebPage\",\"@id\":\"https:\/\/easycomphost.nl\/contact\/\",\"url\":\"https:\/\/easycomphost.nl\/contact\/\",\"name\":\"Contact | EasyComp Host\",\"isPartOf\":{\"@id\":\"https:\/\/easycomphost.nl\/#website\"},\"datePublished\":\"2023-01-12T21:17:19+00:00\",\"dateModified\":\"2023-11-20T22:38:27+00:00\",\"breadcrumb\":{\"@id\":\"https:\/\/easycomphost.nl\/contact\/#breadcrumb\"},\"inLanguage\":\"fr-BE\",\"potentialAction\":[{\"@type\":\"ReadAction\",\"target\":[\"https:\/\/easycomphost.nl\/contact\/\"]}]},{\"@type\":\"BreadcrumbList\",\"@id\":\"https:\/\/easycomphost.nl\/contact\/#breadcrumb\",\"itemListElement\":[{\"@type\":\"ListItem\",\"position\":1,\"name\":\"Home\",\"item\":\"https:\/\/easycomphost.nl\/\"},{\"@type\":\"ListItem\",\"position\":2,\"name\":\"Contact\"}]},{\"@type\":\"WebSite\",\"@id\":\"https:\/\/easycomphost.nl\/#website\",\"url\":\"https:\/\/easycomphost.nl\/\",\"name\":\"EasyComp Host | Powered by EasyComp Zeeland\",\"description\":\"Powered by EasyComp Zeeland\",\"publisher\":{\"@id\":\"https:\/\/easycomphost.nl\/#organization\"},\"alternateName\":\"ECH\",\"potentialAction\":[{\"@type\":\"SearchAction\",\"target\":{\"@type\":\"EntryPoint\",\"urlTemplate\":\"https:\/\/easycomphost.nl\/?s={search_term_string}\"},\"query-input\":{\"@type\":\"PropertyValueSpecification\",\"valueRequired\":true,\"valueName\":\"search_term_string\"}}],\"inLanguage\":\"fr-BE\"},{\"@type\":\"Organization\",\"@id\":\"https:\/\/easycomphost.nl\/#organization\",\"name\":\"EasyComp Host | Powered by EasyComp Zeeland\",\"alternateName\":\"ECH\",\"url\":\"https:\/\/easycomphost.nl\/\",\"logo\":{\"@type\":\"ImageObject\",\"inLanguage\":\"fr-BE\",\"@id\":\"https:\/\/easycomphost.nl\/#\/schema\/logo\/image\/\",\"url\":\"https:\/\/easycomphost.nl\/wp-content\/uploads\/2023\/01\/image.png\",\"contentUrl\":\"https:\/\/easycomphost.nl\/wp-content\/uploads\/2023\/01\/image.png\",\"width\":491,\"height\":100,\"caption\":\"EasyComp Host | Powered by EasyComp Zeeland\"},\"image\":{\"@id\":\"https:\/\/easycomphost.nl\/#\/schema\/logo\/image\/\"},\"sameAs\":[\"https:\/\/www.facebook.com\/EasyCompHost\",\"https:\/\/x.com\/EasyCompHostNL\",\"https:\/\/www.youtube.com\/channel\/UCpaeOQ5IGTMwklO_hrv493A\",\"https:\/\/www.instagram.com\/easycompzeeland\/\",\"https:\/\/www.tumblr.com\/easycompzeeland\",\"https:\/\/nl.pinterest.com\/EasyCompZLD\/\",\"https:\/\/www.linkedin.com\/company\/easycomp-zeeland\/?viewAsMember=true\"]}]}<\/script>\n<!-- \/ Yoast SEO Premium plugin. -->","yoast_head_json":{"title":"Contact | EasyComp Host","robots":{"index":"index","follow":"follow","max-snippet":"max-snippet:-1","max-image-preview":"max-image-preview:large","max-video-preview":"max-video-preview:-1"},"canonical":"https:\/\/easycomphost.nl\/fr\/contact\/","og_locale":"fr_FR","og_type":"article","og_title":"Contact","og_description":"Hier bieden we u de hulp die u nodig heeft voor al uw vragen over onze producten en diensten. Of het nu gaat om technische ondersteuning of algemene vragen, ons team staat klaar om u te helpen. Veelgestelde vragen Neem contact met ons op via onze sociale kanalen, bel ons, stuur een WhatsApp bericht of [&hellip;]","og_url":"https:\/\/easycomphost.nl\/fr\/contact\/","og_site_name":"EasyComp Host","article_publisher":"https:\/\/www.facebook.com\/EasyCompHost","article_modified_time":"2023-11-20T22:38:27+00:00","og_image":[{"width":491,"height":100,"url":"https:\/\/easycomphost.nl\/wp-content\/uploads\/2023\/01\/image.png","type":"image\/png"}],"twitter_card":"summary_large_image","twitter_site":"@EasyCompHostNL","twitter_misc":{"Dur\u00e9e de lecture est.":"1 minute"},"schema":{"@context":"https:\/\/schema.org","@graph":[{"@type":"WebPage","@id":"https:\/\/easycomphost.nl\/contact\/","url":"https:\/\/easycomphost.nl\/contact\/","name":"Contact | EasyComp Host","isPartOf":{"@id":"https:\/\/easycomphost.nl\/#website"},"datePublished":"2023-01-12T21:17:19+00:00","dateModified":"2023-11-20T22:38:27+00:00","breadcrumb":{"@id":"https:\/\/easycomphost.nl\/contact\/#breadcrumb"},"inLanguage":"fr-BE","potentialAction":[{"@type":"ReadAction","target":["https:\/\/easycomphost.nl\/contact\/"]}]},{"@type":"BreadcrumbList","@id":"https:\/\/easycomphost.nl\/contact\/#breadcrumb","itemListElement":[{"@type":"ListItem","position":1,"name":"Home","item":"https:\/\/easycomphost.nl\/"},{"@type":"ListItem","position":2,"name":"Contact"}]},{"@type":"WebSite","@id":"https:\/\/easycomphost.nl\/#website","url":"https:\/\/easycomphost.nl\/","name":"EasyComp Host | Powered by EasyComp Zeeland","description":"Powered by EasyComp Zeeland","publisher":{"@id":"https:\/\/easycomphost.nl\/#organization"},"alternateName":"ECH","potentialAction":[{"@type":"SearchAction","target":{"@type":"EntryPoint","urlTemplate":"https:\/\/easycomphost.nl\/?s={search_term_string}"},"query-input":{"@type":"PropertyValueSpecification","valueRequired":true,"valueName":"search_term_string"}}],"inLanguage":"fr-BE"},{"@type":"Organization","@id":"https:\/\/easycomphost.nl\/#organization","name":"EasyComp Host | Powered by EasyComp Zeeland","alternateName":"ECH","url":"https:\/\/easycomphost.nl\/","logo":{"@type":"ImageObject","inLanguage":"fr-BE","@id":"https:\/\/easycomphost.nl\/#\/schema\/logo\/image\/","url":"https:\/\/easycomphost.nl\/wp-content\/uploads\/2023\/01\/image.png","contentUrl":"https:\/\/easycomphost.nl\/wp-content\/uploads\/2023\/01\/image.png","width":491,"height":100,"caption":"EasyComp Host | Powered by EasyComp Zeeland"},"image":{"@id":"https:\/\/easycomphost.nl\/#\/schema\/logo\/image\/"},"sameAs":["https:\/\/www.facebook.com\/EasyCompHost","https:\/\/x.com\/EasyCompHostNL","https:\/\/www.youtube.com\/channel\/UCpaeOQ5IGTMwklO_hrv493A","https:\/\/www.instagram.com\/easycompzeeland\/","https:\/\/www.tumblr.com\/easycompzeeland","https:\/\/nl.pinterest.com\/EasyCompZLD\/","https:\/\/www.linkedin.com\/company\/easycomp-zeeland\/?viewAsMember=true"]}]}},"_links":{"self":[{"href":"https:\/\/easycomphost.nl\/fr\/wp-json\/wp\/v2\/pages\/158","targetHints":{"allow":["GET"]}}],"collection":[{"href":"https:\/\/easycomphost.nl\/fr\/wp-json\/wp\/v2\/pages"}],"about":[{"href":"https:\/\/easycomphost.nl\/fr\/wp-json\/wp\/v2\/types\/page"}],"author":[{"embeddable":true,"href":"https:\/\/easycomphost.nl\/fr\/wp-json\/wp\/v2\/users\/1"}],"replies":[{"embeddable":true,"href":"https:\/\/easycomphost.nl\/fr\/wp-json\/wp\/v2\/comments?post=158"}],"version-history":[{"count":18,"href":"https:\/\/easycomphost.nl\/fr\/wp-json\/wp\/v2\/pages\/158\/revisions"}],"predecessor-version":[{"id":18491,"href":"https:\/\/easycomphost.nl\/fr\/wp-json\/wp\/v2\/pages\/158\/revisions\/18491"}],"wp:attachment":[{"href":"https:\/\/easycomphost.nl\/fr\/wp-json\/wp\/v2\/media?parent=158"}],"curies":[{"name":"wp","href":"https:\/\/api.w.org\/{rel}","templated":true}]}}