{"id":432,"date":"2023-01-13T21:37:00","date_gmt":"2023-01-13T21:37:00","guid":{"rendered":"https:\/\/easycomphost.nl\/winkelwagen\/"},"modified":"2023-01-18T20:58:26","modified_gmt":"2023-01-18T20:58:26","slug":"bestelling","status":"publish","type":"page","link":"https:\/\/easycomphost.nl\/fr\/bestelling\/","title":{"rendered":"Commande"},"content":{"rendered":"<div data-elementor-type=\"wp-page\" data-elementor-id=\"432\" class=\"elementor elementor-432\" data-elementor-post-type=\"page\">\n\t\t\t\t\t\t<section class=\"elementor-section elementor-top-section elementor-element elementor-element-2f84b6f6 elementor-section-boxed elementor-section-height-default elementor-section-height-default\" data-id=\"2f84b6f6\" data-element_type=\"section\" data-settings=\"{&quot;background_background&quot;:&quot;classic&quot;,&quot;shape_divider_bottom&quot;:&quot;curve&quot;,&quot;shape_divider_bottom_negative&quot;:&quot;yes&quot;}\">\n\t\t\t\t\t<div class=\"elementor-shape elementor-shape-bottom\" data-negative=\"true\">\n\t\t\t<svg xmlns=\"http:\/\/www.w3.org\/2000\/svg\" viewbox=\"0 0 1000 100\" preserveaspectratio=\"none\">\n\t<path class=\"elementor-shape-fill\" d=\"M500,97C126.7,96.3,0.8,19.8,0,0v100l1000,0V1C1000,19.4,873.3,97.8,500,97z\"\/>\n<\/svg>\t\t<\/div>\n\t\t\t\t\t<div class=\"elementor-container elementor-column-gap-default\">\n\t\t\t\t\t<div class=\"elementor-column elementor-col-100 elementor-top-column elementor-element elementor-element-2854f7ea\" data-id=\"2854f7ea\" data-element_type=\"column\">\n\t\t\t<div class=\"elementor-widget-wrap elementor-element-populated\">\n\t\t\t\t\t\t<div class=\"elementor-element elementor-element-632737be elementor-widget elementor-widget-heading\" data-id=\"632737be\" data-element_type=\"widget\" data-widget_type=\"heading.default\">\n\t\t\t\t<div class=\"elementor-widget-container\">\n\t\t\t\t\t<h1 class=\"elementor-heading-title elementor-size-default\">Commande<\/h1>\t\t\t\t<\/div>\n\t\t\t\t<\/div>\n\t\t\t\t<div class=\"elementor-element elementor-element-238be73 elementor-widget elementor-widget-text-editor\" data-id=\"238be73\" data-element_type=\"widget\" data-widget_type=\"text-editor.default\">\n\t\t\t\t<div class=\"elementor-widget-container\">\n\t\t\t\t\t\t\t\t\t<p>Ici, vous pouvez ajouter un domaine ou compl\u00e9ter votre commande.<\/p>\t\t\t\t\t\t\t\t<\/div>\n\t\t\t\t<\/div>\n\t\t\t\t\t<\/div>\n\t\t<\/div>\n\t\t\t\t\t<\/div>\n\t\t<\/section>\n\t\t\t\t<section class=\"elementor-section elementor-top-section elementor-element elementor-element-769e7c5d elementor-section-boxed elementor-section-height-default elementor-section-height-default\" data-id=\"769e7c5d\" data-element_type=\"section\">\n\t\t\t\t\t\t<div class=\"elementor-container elementor-column-gap-default\">\n\t\t\t\t\t<div class=\"elementor-column elementor-col-100 elementor-top-column elementor-element elementor-element-3ee0df45\" data-id=\"3ee0df45\" data-element_type=\"column\">\n\t\t\t<div class=\"elementor-widget-wrap elementor-element-populated\">\n\t\t\t\t\t\t<div class=\"elementor-element elementor-element-fb29290 elementor-widget elementor-widget-woocommerce-notices\" data-id=\"fb29290\" data-element_type=\"widget\" data-widget_type=\"woocommerce-notices.default\">\n\t\t\t\t<div class=\"elementor-widget-container\">\n\t\t\t\t\t\t\t<style>\n\t\t\t.woocommerce-notices-wrapper,\n\t\t\t.woocommerce-message,\n\t\t\t.woocommerce-error,\n\t\t\t.woocommerce-info {\n\t\t\t\tdisplay: none;\n\t\t\t}\n\t\t<\/style>\n\t\t\t\t\t<div class=\"e-woocommerce-notices-wrapper e-woocommerce-notices-wrapper-loading\">\n\t\t\t\t<div class=\"woocommerce-notices-wrapper\"><\/div>\t\t\t<\/div>\n\t\t\t\t\t\t\t<\/div>\n\t\t\t\t<\/div>\n\t\t\t\t<div class=\"elementor-element elementor-element-70c6a09a elementor-widget elementor-widget-heading\" data-id=\"70c6a09a\" data-element_type=\"widget\" data-widget_type=\"heading.default\">\n\t\t\t\t<div class=\"elementor-widget-container\">\n\t\t\t\t\t<h3 class=\"elementor-heading-title elementor-size-default\">Enregistrement de nom de domaine<\/h3>\t\t\t\t<\/div>\n\t\t\t\t<\/div>\n\t\t\t\t<div class=\"elementor-element elementor-element-a2a1f3e elementor-widget elementor-widget-text-editor\" data-id=\"a2a1f3e\" data-element_type=\"widget\" data-widget_type=\"text-editor.default\">\n\t\t\t\t<div class=\"elementor-widget-container\">\n\t\t\t\t\t\t\t\t\t<p>Voulez-vous transf\u00e9rer ou enregistrer un nom de domaine? Ajoutez le domaine souhait\u00e9 \u00e0 votre commande.s<\/p>\t\t\t\t\t\t\t\t<\/div>\n\t\t\t\t<\/div>\n\t\t\t\t<div class=\"elementor-element elementor-element-78fe892a elementor-widget elementor-widget-html\" data-id=\"78fe892a\" data-element_type=\"widget\" data-widget_type=\"html.default\">\n\t\t\t\t<div class=\"elementor-widget-container\">\n\t\t\t\t\t\n\t<form class=\"cart\" action=\"https:\/\/easycomphost.nlproduct\/domeinnaam\/\" method=\"post\" enctype=\"multipart\/form-data\">\n\t\t<div class=\"wcdnr-field wcdnr-field-domain-name\">\n        <label for=\"wcdnr_domain\">Nom de domaine<\/label>\n        <abbr class=\"required\" title=\"required\">*<\/abbr>\n        <p class=\"form-row form-row-wide\">\n          <input class=\"input-text\" name=\"wcdnr_domain\" value=\"\" placeholder=\"example.org\">\n        <\/p>\n      \n\t\n\t\t<label class=\"screen-reader-text\" for=\"quantity_63c81e983706e\">quantit\u00e9 de nom de domaine<\/label>\n\n\t\t<button type=\"submit\" name=\"add-to-cart\" value=\"979\" class=\"single_add_to_cart_button button alt wp-element-button\">Ajouter un nom de domaine<\/button>\t\t\t\t<\/div>\n\t\t\t\t<\/div>\n\t\t\t\t\t<\/div>\n\t\t<\/div>\n\t\t\t\t\t<\/div>\n\t\t<\/section>\n\t\t\t\t<section class=\"elementor-section elementor-top-section elementor-element elementor-element-98fb137 elementor-section-boxed elementor-section-height-default elementor-section-height-default\" data-id=\"98fb137\" data-element_type=\"section\">\n\t\t\t\t\t\t<div class=\"elementor-container elementor-column-gap-default\">\n\t\t\t\t\t<div class=\"elementor-column elementor-col-100 elementor-top-column elementor-element elementor-element-882cd68\" data-id=\"882cd68\" data-element_type=\"column\">\n\t\t\t<div class=\"elementor-widget-wrap elementor-element-populated\">\n\t\t\t\t\t\t<div class=\"elementor-element elementor-element-ac846f6 elementor-widget elementor-widget-heading\" data-id=\"ac846f6\" data-element_type=\"widget\" data-widget_type=\"heading.default\">\n\t\t\t\t<div class=\"elementor-widget-container\">\n\t\t\t\t\t<h3 class=\"elementor-heading-title elementor-size-default\">R\u00e9capitulatif de commande<\/h3>\t\t\t\t<\/div>\n\t\t\t\t<\/div>\n\t\t\t\t<div class=\"elementor-element elementor-element-13e48d1 elementor-widget elementor-widget-text-editor\" data-id=\"13e48d1\" data-element_type=\"widget\" data-widget_type=\"text-editor.default\">\n\t\t\t\t<div class=\"elementor-widget-container\">\n\t\t\t\t\t\t\t\t\tVOUS TROUVEREZ CI-DESSOUS UN APER\u00c7U DE LA COMMANDE SOUHAIT\u00c9E. \t\t\t\t\t\t\t\t<\/div>\n\t\t\t\t<\/div>\n\t\t\t\t\t<\/div>\n\t\t<\/div>\n\t\t\t\t\t<\/div>\n\t\t<\/section>\n\t\t\t\t<section class=\"elementor-section elementor-top-section elementor-element elementor-element-127786fa elementor-section-boxed elementor-section-height-default elementor-section-height-default\" data-id=\"127786fa\" data-element_type=\"section\">\n\t\t\t\t\t\t<div class=\"elementor-container elementor-column-gap-default\">\n\t\t\t\t\t<div class=\"elementor-column elementor-col-100 elementor-top-column elementor-element elementor-element-2852745e\" data-id=\"2852745e\" data-element_type=\"column\">\n\t\t\t<div class=\"elementor-widget-wrap elementor-element-populated\">\n\t\t\t\t\t\t\t<\/div>\n\t\t<\/div>\n\t\t\t\t\t<\/div>\n\t\t<\/section>\n\t\t\t\t<\/div>","protected":false},"excerpt":{"rendered":"<p>Bestelling Hier kunt u een domein toevoegen of uw bestelling afronden. DOMEINNAAMREGISTRATIE Wilt u een domeinnaam verhuizen of registeren? Voeg het gewenste domein hieronder toe aan uw bestelling. Domeinnaam * Domeinnaam aantal Domeinnaam Toevoegen Bestellingsoverzicht HIERONDER EEN OVERZICHT VAN HET DOOR U GEWENSTE BESTELLING. Je winkelwagen is momenteel leeg. Terug naar winkel<\/p>","protected":false},"author":1,"featured_media":0,"parent":0,"menu_order":0,"comment_status":"closed","ping_status":"closed","template":"","meta":{"footnotes":""},"class_list":["post-432","page","type-page","status-publish","hentry"],"yoast_head":"<!-- This site is optimized with the Yoast SEO Premium plugin v19.2 (Yoast SEO v26.3) - https:\/\/yoast.com\/wordpress\/plugins\/seo\/ -->\n<title>Bestelling | EasyComp Host<\/title>\n<meta name=\"robots\" content=\"index, follow, max-snippet:-1, max-image-preview:large, max-video-preview:-1\" \/>\n<link rel=\"canonical\" href=\"https:\/\/easycomphost.nl\/fr\/bestelling\/\" \/>\n<meta property=\"og:locale\" content=\"fr_FR\" \/>\n<meta property=\"og:type\" content=\"article\" \/>\n<meta property=\"og:title\" content=\"Bestelling\" \/>\n<meta property=\"og:description\" content=\"Bestelling Hier kunt u een domein toevoegen of uw bestelling afronden. DOMEINNAAMREGISTRATIE Wilt u een domeinnaam verhuizen of registeren? Voeg het gewenste domein hieronder toe aan uw bestelling. Domeinnaam * Domeinnaam aantal Domeinnaam Toevoegen Bestellingsoverzicht HIERONDER EEN OVERZICHT VAN HET DOOR U GEWENSTE BESTELLING. Je winkelwagen is momenteel leeg. Terug naar winkel\" \/>\n<meta property=\"og:url\" content=\"https:\/\/easycomphost.nl\/fr\/bestelling\/\" \/>\n<meta property=\"og:site_name\" content=\"EasyComp Host\" \/>\n<meta property=\"article:publisher\" content=\"https:\/\/www.facebook.com\/EasyCompHost\" \/>\n<meta property=\"article:modified_time\" content=\"2023-01-18T20:58:26+00:00\" \/>\n<meta property=\"og:image\" content=\"https:\/\/easycomphost.nl\/wp-content\/uploads\/2023\/01\/image.png\" \/>\n\t<meta property=\"og:image:width\" content=\"491\" \/>\n\t<meta property=\"og:image:height\" content=\"100\" \/>\n\t<meta property=\"og:image:type\" content=\"image\/png\" \/>\n<meta name=\"twitter:card\" content=\"summary_large_image\" \/>\n<meta name=\"twitter:site\" content=\"@EasyCompHostNL\" \/>\n<meta name=\"twitter:label1\" content=\"Dur\u00e9e de lecture est.\" \/>\n\t<meta name=\"twitter:data1\" content=\"1 minute\" \/>\n<script type=\"application\/ld+json\" class=\"yoast-schema-graph\">{\"@context\":\"https:\/\/schema.org\",\"@graph\":[{\"@type\":\"WebPage\",\"@id\":\"https:\/\/easycomphost.nl\/bestelling\/\",\"url\":\"https:\/\/easycomphost.nl\/bestelling\/\",\"name\":\"Bestelling | EasyComp Host\",\"isPartOf\":{\"@id\":\"https:\/\/easycomphost.nl\/#website\"},\"datePublished\":\"2023-01-13T21:37:00+00:00\",\"dateModified\":\"2023-01-18T20:58:26+00:00\",\"breadcrumb\":{\"@id\":\"https:\/\/easycomphost.nl\/bestelling\/#breadcrumb\"},\"inLanguage\":\"fr-BE\",\"potentialAction\":[{\"@type\":\"ReadAction\",\"target\":[\"https:\/\/easycomphost.nl\/bestelling\/\"]}]},{\"@type\":\"BreadcrumbList\",\"@id\":\"https:\/\/easycomphost.nl\/bestelling\/#breadcrumb\",\"itemListElement\":[{\"@type\":\"ListItem\",\"position\":1,\"name\":\"Home\",\"item\":\"https:\/\/easycomphost.nl\/\"},{\"@type\":\"ListItem\",\"position\":2,\"name\":\"Bestelling\"}]},{\"@type\":\"WebSite\",\"@id\":\"https:\/\/easycomphost.nl\/#website\",\"url\":\"https:\/\/easycomphost.nl\/\",\"name\":\"EasyComp Host | Powered by EasyComp Zeeland\",\"description\":\"Powered by EasyComp Zeeland\",\"publisher\":{\"@id\":\"https:\/\/easycomphost.nl\/#organization\"},\"alternateName\":\"ECH\",\"potentialAction\":[{\"@type\":\"SearchAction\",\"target\":{\"@type\":\"EntryPoint\",\"urlTemplate\":\"https:\/\/easycomphost.nl\/?s={search_term_string}\"},\"query-input\":{\"@type\":\"PropertyValueSpecification\",\"valueRequired\":true,\"valueName\":\"search_term_string\"}}],\"inLanguage\":\"fr-BE\"},{\"@type\":\"Organization\",\"@id\":\"https:\/\/easycomphost.nl\/#organization\",\"name\":\"EasyComp Host | Powered by EasyComp Zeeland\",\"alternateName\":\"ECH\",\"url\":\"https:\/\/easycomphost.nl\/\",\"logo\":{\"@type\":\"ImageObject\",\"inLanguage\":\"fr-BE\",\"@id\":\"https:\/\/easycomphost.nl\/#\/schema\/logo\/image\/\",\"url\":\"https:\/\/easycomphost.nl\/wp-content\/uploads\/2023\/01\/image.png\",\"contentUrl\":\"https:\/\/easycomphost.nl\/wp-content\/uploads\/2023\/01\/image.png\",\"width\":491,\"height\":100,\"caption\":\"EasyComp Host | Powered by EasyComp Zeeland\"},\"image\":{\"@id\":\"https:\/\/easycomphost.nl\/#\/schema\/logo\/image\/\"},\"sameAs\":[\"https:\/\/www.facebook.com\/EasyCompHost\",\"https:\/\/x.com\/EasyCompHostNL\",\"https:\/\/www.youtube.com\/channel\/UCpaeOQ5IGTMwklO_hrv493A\",\"https:\/\/www.instagram.com\/easycompzeeland\/\",\"https:\/\/www.tumblr.com\/easycompzeeland\",\"https:\/\/nl.pinterest.com\/EasyCompZLD\/\",\"https:\/\/www.linkedin.com\/company\/easycomp-zeeland\/?viewAsMember=true\"]}]}<\/script>\n<!-- \/ Yoast SEO Premium plugin. -->","yoast_head_json":{"title":"Bestelling | EasyComp Host","robots":{"index":"index","follow":"follow","max-snippet":"max-snippet:-1","max-image-preview":"max-image-preview:large","max-video-preview":"max-video-preview:-1"},"canonical":"https:\/\/easycomphost.nl\/fr\/bestelling\/","og_locale":"fr_FR","og_type":"article","og_title":"Bestelling","og_description":"Bestelling Hier kunt u een domein toevoegen of uw bestelling afronden. DOMEINNAAMREGISTRATIE Wilt u een domeinnaam verhuizen of registeren? Voeg het gewenste domein hieronder toe aan uw bestelling. Domeinnaam * Domeinnaam aantal Domeinnaam Toevoegen Bestellingsoverzicht HIERONDER EEN OVERZICHT VAN HET DOOR U GEWENSTE BESTELLING. Je winkelwagen is momenteel leeg. Terug naar winkel","og_url":"https:\/\/easycomphost.nl\/fr\/bestelling\/","og_site_name":"EasyComp Host","article_publisher":"https:\/\/www.facebook.com\/EasyCompHost","article_modified_time":"2023-01-18T20:58:26+00:00","og_image":[{"width":491,"height":100,"url":"https:\/\/easycomphost.nl\/wp-content\/uploads\/2023\/01\/image.png","type":"image\/png"}],"twitter_card":"summary_large_image","twitter_site":"@EasyCompHostNL","twitter_misc":{"Dur\u00e9e de lecture est.":"1 minute"},"schema":{"@context":"https:\/\/schema.org","@graph":[{"@type":"WebPage","@id":"https:\/\/easycomphost.nl\/bestelling\/","url":"https:\/\/easycomphost.nl\/bestelling\/","name":"Bestelling | EasyComp Host","isPartOf":{"@id":"https:\/\/easycomphost.nl\/#website"},"datePublished":"2023-01-13T21:37:00+00:00","dateModified":"2023-01-18T20:58:26+00:00","breadcrumb":{"@id":"https:\/\/easycomphost.nl\/bestelling\/#breadcrumb"},"inLanguage":"fr-BE","potentialAction":[{"@type":"ReadAction","target":["https:\/\/easycomphost.nl\/bestelling\/"]}]},{"@type":"BreadcrumbList","@id":"https:\/\/easycomphost.nl\/bestelling\/#breadcrumb","itemListElement":[{"@type":"ListItem","position":1,"name":"Home","item":"https:\/\/easycomphost.nl\/"},{"@type":"ListItem","position":2,"name":"Bestelling"}]},{"@type":"WebSite","@id":"https:\/\/easycomphost.nl\/#website","url":"https:\/\/easycomphost.nl\/","name":"EasyComp Host | Powered by EasyComp Zeeland","description":"Powered by EasyComp Zeeland","publisher":{"@id":"https:\/\/easycomphost.nl\/#organization"},"alternateName":"ECH","potentialAction":[{"@type":"SearchAction","target":{"@type":"EntryPoint","urlTemplate":"https:\/\/easycomphost.nl\/?s={search_term_string}"},"query-input":{"@type":"PropertyValueSpecification","valueRequired":true,"valueName":"search_term_string"}}],"inLanguage":"fr-BE"},{"@type":"Organization","@id":"https:\/\/easycomphost.nl\/#organization","name":"EasyComp Host | Powered by EasyComp Zeeland","alternateName":"ECH","url":"https:\/\/easycomphost.nl\/","logo":{"@type":"ImageObject","inLanguage":"fr-BE","@id":"https:\/\/easycomphost.nl\/#\/schema\/logo\/image\/","url":"https:\/\/easycomphost.nl\/wp-content\/uploads\/2023\/01\/image.png","contentUrl":"https:\/\/easycomphost.nl\/wp-content\/uploads\/2023\/01\/image.png","width":491,"height":100,"caption":"EasyComp Host | Powered by EasyComp Zeeland"},"image":{"@id":"https:\/\/easycomphost.nl\/#\/schema\/logo\/image\/"},"sameAs":["https:\/\/www.facebook.com\/EasyCompHost","https:\/\/x.com\/EasyCompHostNL","https:\/\/www.youtube.com\/channel\/UCpaeOQ5IGTMwklO_hrv493A","https:\/\/www.instagram.com\/easycompzeeland\/","https:\/\/www.tumblr.com\/easycompzeeland","https:\/\/nl.pinterest.com\/EasyCompZLD\/","https:\/\/www.linkedin.com\/company\/easycomp-zeeland\/?viewAsMember=true"]}]}},"_links":{"self":[{"href":"https:\/\/easycomphost.nl\/fr\/wp-json\/wp\/v2\/pages\/432","targetHints":{"allow":["GET"]}}],"collection":[{"href":"https:\/\/easycomphost.nl\/fr\/wp-json\/wp\/v2\/pages"}],"about":[{"href":"https:\/\/easycomphost.nl\/fr\/wp-json\/wp\/v2\/types\/page"}],"author":[{"embeddable":true,"href":"https:\/\/easycomphost.nl\/fr\/wp-json\/wp\/v2\/users\/1"}],"replies":[{"embeddable":true,"href":"https:\/\/easycomphost.nl\/fr\/wp-json\/wp\/v2\/comments?post=432"}],"version-history":[{"count":41,"href":"https:\/\/easycomphost.nl\/fr\/wp-json\/wp\/v2\/pages\/432\/revisions"}],"predecessor-version":[{"id":1226,"href":"https:\/\/easycomphost.nl\/fr\/wp-json\/wp\/v2\/pages\/432\/revisions\/1226"}],"wp:attachment":[{"href":"https:\/\/easycomphost.nl\/fr\/wp-json\/wp\/v2\/media?parent=432"}],"curies":[{"name":"wp","href":"https:\/\/api.w.org\/{rel}","templated":true}]}}